{"id":758,"date":"2017-11-06T01:44:43","date_gmt":"2017-11-05T23:44:43","guid":{"rendered":"http:\/\/www.lynxtravels.com\/package\/carpatii-apuseni-belis-rachitele-bologa\/"},"modified":"2017-11-06T01:44:43","modified_gmt":"2017-11-05T23:44:43","slug":"carpatii-apuseni-belis-rachitele-bologa","status":"publish","type":"product","link":"https:\/\/www.lynxtravels.com\/ro\/package\/carpatii-apuseni-belis-rachitele-bologa\/","title":{"rendered":"Carpatii Apuseni, Belis, Rachitele, Bologa"},"content":{"rendered":"<p>Plecari garantate: mai- octombrie- zilnice; noiembrie-aprilie- in fiecare Luni si Miercuri, rezervare cu minim 24 de ore inainte de plecare.<\/p>\n<p>Durat\u0103:\u00a0 1 zi (aprox. 10 ore)<\/p>\n<p>Obiective: \u00a0S\u00e2ncrai\u2013Beli\u0219- Cascada Valul Miresei R\u0103chi\u021bele- Bologa<\/p>\n<p>Ghid: limba rom\u00e2n\u0103\/ maghir\u0103\/ englez\u0103\/ francez\u0103<\/p>\n<p>Transport: ma\u0219ina\/ microbus\/autocar\/<\/p>\n<p><strong>Cluj-Napoca<\/strong> este al patrulea oras ca m\u0103rime din Romania \u0219i este unul dintre cele mai importante centre academice, culturale \u0219i industriale din Romania. Ora\u0219ul este situat \u00een centrul Transilvaniei \u0219i este vechi \u00eenc\u0103 din anul 106, c\u00e2nd Imperiul Roman a cucerit Dacia \u0219i a format\u00a0 a\u0219ezarea Napoca.<\/p>\n<p>Plecare din Cluj-Napoca, spre S\u00e2ncrai, unde vom vizita Biserica Reformat\u0103 cu tavan casetat ce dateaz\u0103 din sec. XIII, o \u0219ur\u0103 specific\u0103 zonei, o cas\u0103 tradi\u021bional\u0103, vom admira costumele tradi\u021bionale \u0219i desigur vom degusta p\u0103linca de prune. Optional veti putea admira zona \u00eentr-o plimbare cu caru\u021ba tras\u0103 de cai \u0219i savura un pr\u00e2nz tradi\u021bional.<\/p>\n<p><strong>S\u00e2ncrai<\/strong>&#8211; Istoria satului S\u00e2ncraiu \u00eencepe de demult, \u00een anul 1288 c\u00e2nd a fost atestat documentar pentru prima dat\u0103. S\u00e2ncraiul de ast\u0103zi este cunoscut pentru frumuse\u021bea locurilor, \u00eenc\u0103rcate de tradi\u021bii \u0219i obiceiuri, pentru pensiunile care \u0219i-au p\u0103strat farmecul caselor de odinioar\u0103, dar \u0219i pentru numero\u0219ii me\u0219te\u0219ugari (dulgheri, fierari, t\u00e2mplari, zidari, cojocari) din zon\u0103. \u00cen sat mai func\u021bioneaz\u0103 \u0219i ast\u0103zi treisprezece ateliere de t\u00e2mpl\u0103rie.<\/p>\n<p><strong>Beli\u0219<\/strong>&#8211; Poten\u021bialul turistic al comunei este mare av\u00e2nd \u00een vedere frumuse\u021bea cadrului natural \u0219i vecin\u0103tatea sta\u021biunii turistice F\u00e2nt\u00e2nele-Beli\u0219. Lacul Beli\u0219-F\u00e2nt\u00e2nele este un lac de acumulare artificial din Mun\u021bii Gil\u0103ului, pe cursul r\u00e2ului Some\u0219ul cald, amenajat la o altitudine de 990 de metri, pe o lungime de 13 km. Lacul a fost amenajat pe locul fostei comune Beli\u0219, \u00een perioadele secetoase, c\u00e2nd nivelul apei scade foarte mult, se pot vedea ruinele caselor, cele mai celebre fiind ruinele fostei biserici din Giurcu\u021ba de Jos.<\/p>\n<p>O plimbare cu barca pe lac va fi o experien\u021b\u0103 de neuitat unde ve\u021bi putea admira frumuse\u021bea \u0219i s\u0103lb\u0103ticia locului.<\/p>\n<p>Ne \u00eendrept\u0103m spre <strong>R\u0103chi\u021bele<\/strong>, unde vom face o scurt\u0103 oprire pentru a admira \u0219i fotografia aceast\u0103 renumit\u0103 cascad\u0103 din Mun\u021bii Apuseni.<\/p>\n<p><strong>Cascada V\u0103lul Miresei <\/strong>este una din cele mai frumoase atrac\u021bii naturale ale judetului Cluj \u0219i din \u00eentreaga \u021bar\u0103. V\u0103lul Miresei este o cascad\u0103 \u00een dou\u0103 trepte de o grandoare \u015fi o s\u0103lbaticie aparte, fiind cea mai reprezentativ\u0103 cascad\u0103 din zon\u0103. Se afl\u0103 la o altitudine de 1000 de metri \u0219i cele dou\u0103 trepte totalizeaz\u0103 o diferen\u0163\u0103 de nivel de cca. 30 m. La baza treptei de sus exist\u0103 o marmit\u0103 (scobitur\u0103) ad\u00e2nc\u0103 cu diametrul de 10 m, care asigur\u0103 dispersia apei, astfel seam\u0103n\u00e2nd cu un voal.<\/p>\n<p>Pe drumul de \u00eentoarcere vom face o oprire scurt\u0103 la cetatea de la Bologa. Cetatea Bologa, dateaz\u0103 de la \u00eenceputul secolului al XIV-lea, fiind una dintre cele mai importante fortifica\u0163ii ale Transilvaniei medievale. Cetatea se remarc\u0103 \u00een special prin donjonul circular, unul dintre foarte pu\u0163inele p\u0103strate \u00een Transilvania. Cetatea a fost, de-a lungul timpului, scena unui mare num\u0103r de evenimente istorice importante. \u00cen anul 1399 cetatea a fost acordat\u0103 de regele Sigismund de Luxemburg domnitorului muntean Mircea cel B\u0103tr\u00e2n, pentru rolul jucat de acesta \u00een r\u0103zboaiele antiotomane.<\/p>\n<table width=\"373\">\n<tbody>\n<tr>\n<td width=\"181\"><strong>Num\u0103r de persoane<\/strong><\/td>\n<td width=\"192\"><strong>Pret\/ pers<\/strong><\/td>\n<\/tr>\n<tr>\n<td width=\"181\"><strong>2<\/strong><\/td>\n<td width=\"192\"><strong>109 EUR<\/strong><\/td>\n<\/tr>\n<tr>\n<td width=\"181\"><strong>3<\/strong><\/td>\n<td width=\"192\"><strong>73 EUR<\/strong><\/td>\n<\/tr>\n<tr>\n<td width=\"181\"><strong>4<\/strong><\/td>\n<td width=\"192\"><strong>62 EUR<\/strong><\/td>\n<\/tr>\n<tr>\n<td width=\"181\"><strong>5<\/strong><\/td>\n<td width=\"192\"><strong>50 EUR<\/strong><\/td>\n<\/tr>\n<tr>\n<td width=\"181\"><strong>6<\/strong><\/td>\n<td width=\"192\"><strong>42 EUR<\/strong><\/td>\n<\/tr>\n<tr>\n<td width=\"181\"><strong>7<\/strong><\/td>\n<td width=\"192\"><strong>35 EUR<\/strong><\/td>\n<\/tr>\n<tr>\n<td width=\"181\"><strong>8<\/strong><\/td>\n<td width=\"192\"><strong>35 EUR<\/strong><\/td>\n<\/tr>\n<tr>\n<td width=\"181\"><strong>9<\/strong><\/td>\n<td width=\"192\"><strong>30 EUR<\/strong><\/td>\n<\/tr>\n<tr>\n<td width=\"181\"><strong>19<\/strong><\/td>\n<td width=\"192\"><strong>18 EUR<\/strong><\/td>\n<\/tr>\n<\/tbody>\n<\/table>\n<p><strong>Oferta personalizat\u0103 pentru grup peste 19 persoane.<\/strong><\/p>\n<p><strong>Tariful include:<\/strong> preluare de la hotel, transport cu ma\u0219ina\/ microbuz\/autocar; ghid vorbitor de limba rom\u00e2n\u0103\/ maghiar\u0103\/ englez\u0103\/ francez\u0103, degustare p\u0103linc\u0103 de prune.<\/p>\n<p><strong>Tariful nu include:<\/strong> pr\u00e2nzul tradi\u021bional \u00een S\u00e2ncraiu, plimbare cu c\u0103ru\u021ba tras\u0103 de cai, plimbare cu barca pe lacul Beli\u0219- F\u00e2nt\u00e2nele.<\/p>\n","protected":false},"excerpt":{"rendered":"<p>Plecari garantate: mai- octombrie- zilnice; noiembrie-aprilie- in fiecare Luni si Miercuri, rezervare cu minim 24 de ore inainte de plecare. Durat\u0103:\u00a0 1 zi (aprox. 10 ore) Obiective: \u00a0S\u00e2ncrai\u2013Beli\u0219- Cascada Valul Miresei R\u0103chi\u021bele- Bologa Ghid: limba rom\u00e2n\u0103\/ maghir\u0103\/ englez\u0103\/ francez\u0103 Transport: ma\u0219ina\/ microbus\/autocar\/ Cluj-Napoca este al patrulea oras ca m\u0103rime din Romania \u0219i este unul dintre [&hellip;]<\/p>\n","protected":false},"featured_media":757,"comment_status":"closed","ping_status":"closed","template":"","meta":[],"_links":{"self":[{"href":"https:\/\/www.lynxtravels.com\/ro\/wp-json\/wp\/v2\/product\/758"}],"collection":[{"href":"https:\/\/www.lynxtravels.com\/ro\/wp-json\/wp\/v2\/product"}],"about":[{"href":"https:\/\/www.lynxtravels.com\/ro\/wp-json\/wp\/v2\/types\/product"}],"replies":[{"embeddable":true,"href":"https:\/\/www.lynxtravels.com\/ro\/wp-json\/wp\/v2\/comments?post=758"}],"wp:featuredmedia":[{"embeddable":true,"href":"https:\/\/www.lynxtravels.com\/ro\/wp-json\/wp\/v2\/media\/757"}],"wp:attachment":[{"href":"https:\/\/www.lynxtravels.com\/ro\/wp-json\/wp\/v2\/media?parent=758"}],"curies":[{"name":"wp","href":"https:\/\/api.w.org\/{rel}","templated":true}]}}