{"id":85,"date":"2017-09-16T16:14:17","date_gmt":"2017-09-16T16:14:17","guid":{"rendered":"http:\/\/lynxtravels.com\/cart-2\/"},"modified":"2017-09-27T16:23:43","modified_gmt":"2017-09-27T14:23:43","slug":"cart-2","status":"publish","type":"page","link":"https:\/\/www.lynxtravels.com\/ro\/cart-2\/","title":{"rendered":"Comenzi"},"content":{"rendered":"<div class=\"woocommerce\"><p class=\"cart-empty\">Co\u0219ul t\u0103u este \u00een prezent gol.<\/p>\t<p class=\"return-to-shop\">\n\t\t<a class=\"button wc-backward\" href=\"https:\/\/www.lynxtravels.com\/ro\/circuite\/\">\n\t\t\t\u00cenapoi la magazin\t\t<\/a>\n\t<\/p>\n<\/div>\n","protected":false},"excerpt":{"rendered":"Co\u0219ul t\u0103u este \u00een prezent gol. \u00cenapoi la magazin","protected":false},"author":1,"featured_media":0,"parent":0,"menu_order":0,"comment_status":"closed","ping_status":"closed","template":"","meta":[],"_links":{"self":[{"href":"https:\/\/www.lynxtravels.com\/ro\/wp-json\/wp\/v2\/pages\/85"}],"collection":[{"href":"https:\/\/www.lynxtravels.com\/ro\/wp-json\/wp\/v2\/pages"}],"about":[{"href":"https:\/\/www.lynxtravels.com\/ro\/wp-json\/wp\/v2\/types\/page"}],"author":[{"embeddable":true,"href":"https:\/\/www.lynxtravels.com\/ro\/wp-json\/wp\/v2\/users\/1"}],"replies":[{"embeddable":true,"href":"https:\/\/www.lynxtravels.com\/ro\/wp-json\/wp\/v2\/comments?post=85"}],"version-history":[{"count":1,"href":"https:\/\/www.lynxtravels.com\/ro\/wp-json\/wp\/v2\/pages\/85\/revisions"}],"predecessor-version":[{"id":649,"href":"https:\/\/www.lynxtravels.com\/ro\/wp-json\/wp\/v2\/pages\/85\/revisions\/649"}],"wp:attachment":[{"href":"https:\/\/www.lynxtravels.com\/ro\/wp-json\/wp\/v2\/media?parent=85"}],"curies":[{"name":"wp","href":"https:\/\/api.w.org\/{rel}","templated":true}]}}