{"id":270,"date":"2017-09-16T16:43:01","date_gmt":"2017-09-16T16:43:01","guid":{"rendered":"http:\/\/lynxtravels.com\/home\/"},"modified":"2017-11-06T00:51:43","modified_gmt":"2017-11-05T22:51:43","slug":"acasa","status":"publish","type":"page","link":"https:\/\/www.lynxtravels.com\/ro\/","title":{"rendered":"Acasa"},"content":{"rendered":"<div class='dt-sc-hr-invisible-small  '><\/div><div class='fullwidth-section grey-bg ' >\t<div class=\"container\"><div class=\"welcome-txt aligncenter\"><\/p>\n<h2>Bun Venit la Lynx Travels<\/h2>\n<p>Alege\u021bi Lynx Travels atunci c\u00e2nd c\u0103uta\u021bi urm\u0103toarea aventur\u0103 de vizitare a obiectivelor turistice. Baza\u021bi-v\u0103 pe &#8222;exper\u021bii locali&#8221; pentru a v\u0103 oferi amintirea vie\u021bii despre vizita dvs. \u00een Rom\u00e2nia. \u00cen timp ce Rom\u00e2nia este cunoscut\u0103 pentru faimoasa sa natur\u0103 s\u0103lbatic\u0103 \u0219i neatins\u0103, este, de asemenea, renumit\u0103 pentru m\u00e2ncare local\u0103 excelent\u0103, peisaje frumoase, o s\u0103lb\u0103tic\u0103 bogat\u0103 \u0219i experien\u021be extraordinare! Tururi cu ghid sau activit\u0103\u021bi de aventur\u0103? Repere majore sau minuni ascunse?<\/p>\n<div class='dt-sc-hr-invisible  '><\/div>\n<p><\/div>\t<\/div><\/div><div class='fullwidth-section  ' >\t<div class=\"container\"><div class='dt-sc-hr-invisible-medium  '><\/div><h2 class='section-title '>Pachete<\/h2><div class=\"dt-sc-packages-wrapper\"><div id=\"758\" class=\"column dt-sc-one-half first\"><div class=\"dt-sc-package-item\"><div class=\"dt-sc-pack-thumb\"><a href=\"https:\/\/www.lynxtravels.com\/ro\/package\/carpatii-apuseni-belis-rachitele-bologa\/\" title=\"Carpatii Apuseni, Belis, Rachitele, Bologa\"><img width=\"420\" height=\"420\" src=\"https:\/\/www.lynxtravels.com\/wp-content\/uploads\/2017\/11\/beliscluj-420x420.jpg\" class=\"attachment-tour-package size-tour-package wp-post-image\" alt=\"\" loading=\"lazy\" title=\"Carpatii Apuseni, Belis, Rachitele, Bologa\" srcset=\"https:\/\/www.lynxtravels.com\/wp-content\/uploads\/2017\/11\/beliscluj-420x420.jpg 420w, https:\/\/www.lynxtravels.com\/wp-content\/uploads\/2017\/11\/beliscluj-150x150.jpg 150w, https:\/\/www.lynxtravels.com\/wp-content\/uploads\/2017\/11\/beliscluj-90x90.jpg 90w, https:\/\/www.lynxtravels.com\/wp-content\/uploads\/2017\/11\/beliscluj-569x569.jpg 569w\" sizes=\"(max-width: 420px) 100vw, 420px\" \/><\/a><div class=\"star-rating-wrapper\"><div class=\"star-rating\"><span style=\"width:0%\"><\/span><\/div>(0Reting)<\/div><\/div><div class=\"dt-sc-pack-detail\"><h5><a href=\"https:\/\/www.lynxtravels.com\/ro\/package\/carpatii-apuseni-belis-rachitele-bologa\/\">Carpatii Apuseni, Belis, Rachitele, Bologa<\/a><\/h5><span class=\"subtitle\"><\/span><ul class=\"dt-sc-pack-meta\"><li><span class=\"fa fa-clock-o\"> <\/span>No of Days: <\/li><li><span class=\"fa fa-user\"><\/span> People: <\/li><\/ul><p>Plecari garantate: mai- octombrie- zilnice; noiembrie-aprilie- in fiecare Luni si Miercuri, rezervare cu minim 24 de ore inainte de plecare. Durat\u0103:\u00a0 1 zi (aprox. 10 ore) Obiective: \u00a0S\u00e2ncrai\u2013Beli\u0219- Cascada...<\/p><a href=\"https:\/\/www.lynxtravels.com\/ro\/package\/carpatii-apuseni-belis-rachitele-bologa\/\">Cite\u015fte mai mult<\/a><\/div><\/div><\/div><div id=\"750\" class=\"column dt-sc-one-half\"><div class=\"dt-sc-package-item\"><div class=\"dt-sc-pack-thumb\"><a href=\"https:\/\/www.lynxtravels.com\/ro\/package\/vizitati-cluj-salina-turda-cheile-turzii-rimetea\/\" title=\"Vizitati Cluj, Salina Turda, Cheile Turzii, Rimetea\"><img width=\"420\" height=\"420\" src=\"https:\/\/www.lynxtravels.com\/wp-content\/uploads\/2017\/11\/turdasaltmine-420x420.jpg\" class=\"attachment-tour-package size-tour-package wp-post-image\" alt=\"\" loading=\"lazy\" title=\"Vizitati Cluj, Salina Turda, Cheile Turzii, Rimetea\" srcset=\"https:\/\/www.lynxtravels.com\/wp-content\/uploads\/2017\/11\/turdasaltmine-420x420.jpg 420w, https:\/\/www.lynxtravels.com\/wp-content\/uploads\/2017\/11\/turdasaltmine-150x150.jpg 150w, https:\/\/www.lynxtravels.com\/wp-content\/uploads\/2017\/11\/turdasaltmine-90x90.jpg 90w, https:\/\/www.lynxtravels.com\/wp-content\/uploads\/2017\/11\/turdasaltmine-569x569.jpg 569w\" sizes=\"(max-width: 420px) 100vw, 420px\" \/><\/a><div class=\"star-rating-wrapper\"><div class=\"star-rating\"><span style=\"width:0%\"><\/span><\/div>(0Reting)<\/div><\/div><div class=\"dt-sc-pack-detail\"><h5><a href=\"https:\/\/www.lynxtravels.com\/ro\/package\/vizitati-cluj-salina-turda-cheile-turzii-rimetea\/\">Vizitati Cluj, Salina Turda, Cheile Turzii, Rimetea<\/a><\/h5><span class=\"subtitle\"><\/span><ul class=\"dt-sc-pack-meta\"><li><span class=\"fa fa-clock-o\"> <\/span>No of Days: <\/li><li><span class=\"fa fa-user\"><\/span> People: <\/li><\/ul><p>Perioad\u0103:\u00a0 la cerere in orice perioada a anului Durat\u0103:\u00a0 1 zi (aprox. 10 ore) Obiective: Salina Turda, Cheile Turzii, satul Rimetea, Muzeul Etnografic Rimetea si Vechea Moar\u0103, Cetatea de...<\/p><a href=\"https:\/\/www.lynxtravels.com\/ro\/package\/vizitati-cluj-salina-turda-cheile-turzii-rimetea\/\">Cite\u015fte mai mult<\/a><\/div><\/div><\/div><\/div>\t<\/div><\/div><div class='dt-sc-hr-invisible  '><\/div><div class='dt-sc-hr-invisible  '><\/div><div class='dt-sc-hr-invisible-small  '><\/div><div class='fullwidth-section video dt-sc-parallax-section'  style=\"color:#ffffff;background-image:url(http:\/\/lynxtravels.com\/wp-content\/uploads\/2017\/09\/romaniatours.jpg);padding-top:50px;padding-bottom:40px;background-attachment:fixed; \">\t<div class=\"container\"><div  class='column dt-sc-one-half  space first'  ><h4>Gaseste Aventura Ta<\/h4>\n<h2>Take Me to Romania<\/h2><\/div><div  class='column dt-sc-one-half  space '  ><p><iframe loading=\"lazy\" src=\"\/\/player.vimeo.com\/video\/113741821\" data-mce-fragment=\"1\" width=\"574\" height=\"327\"><\/iframe><\/p><\/div>\t<\/div><\/div><div class='dt-sc-hr-invisible  '><\/div><div class='dt-sc-hr-invisible-small  '><\/div><div class='fullwidth-section  ' >\t<div class=\"container\"><h2 class='section-title alignleft'>Cele mai bune Locatii<\/h2><div class=\"carousel_items\"><div class=\"dt-best-entry-place-wrapper dt_carousel\" data-items=\"1\"><div class=\"dt-entry-place-item\"><div class=\"dt-sc-one-half column first\"><div class=\"entry-place-thumb\"><div class=\"thumb-inner\"><a href=\"https:\/\/www.lynxtravels.com\/ro\/dt_places\/transilvania\/\" title=\"Transilvania\"><img width=\"572\" height=\"391\" src=\"https:\/\/www.lynxtravels.com\/wp-content\/uploads\/2017\/09\/castle-2614030_1920-572x391.jpg\" class=\"attachment-best-place size-best-place wp-post-image\" alt=\"\" loading=\"lazy\" title=\"Transilvania\" srcset=\"https:\/\/www.lynxtravels.com\/wp-content\/uploads\/2017\/09\/castle-2614030_1920-572x391.jpg 572w, https:\/\/www.lynxtravels.com\/wp-content\/uploads\/2017\/09\/castle-2614030_1920-585x400.jpg 585w, https:\/\/www.lynxtravels.com\/wp-content\/uploads\/2017\/09\/castle-2614030_1920-420x287.jpg 420w, https:\/\/www.lynxtravels.com\/wp-content\/uploads\/2017\/09\/castle-2614030_1920-1070x732.jpg 1070w, https:\/\/www.lynxtravels.com\/wp-content\/uploads\/2017\/09\/castle-2614030_1920-670x458.jpg 670w, https:\/\/www.lynxtravels.com\/wp-content\/uploads\/2017\/09\/castle-2614030_1920-490x335.jpg 490w, https:\/\/www.lynxtravels.com\/wp-content\/uploads\/2017\/09\/castle-2614030_1920-472x323.jpg 472w, https:\/\/www.lynxtravels.com\/wp-content\/uploads\/2017\/09\/castle-2614030_1920-510x350.jpg 510w, https:\/\/www.lynxtravels.com\/wp-content\/uploads\/2017\/09\/castle-2614030_1920-570x390.jpg 570w\" sizes=\"(max-width: 572px) 100vw, 572px\" \/><div class=\"image-overlay\"><span class=\"image-overlay-inside\"><\/span><\/div><\/a><\/div><a href=\"https:\/\/www.lynxtravels.com\/ro\/dt_places\/transilvania\/\" class=\"dt-sc-button too-small\">Vezi Galerie<\/a><\/div><\/div><div class=\"dt-sc-one-half column\"><div class=\"entry-place-detail\"><div class=\"entry-place-title\"><div class=\"float-left\"><h5><a href=\"https:\/\/www.lynxtravels.com\/ro\/dt_places\/transilvania\/\">Transilvania<\/a><\/h5><p><\/p><\/div><div class=\"star-rating-wrapper float-right\"><div class=\"star-rating\"><span style=\"width:0%\"><\/span><\/div>(0Reting)<\/div><\/div><h6>Ce este mai bun?<\/h6><p>Ca urmare a romanului Dracula, publicat de Bram Stoker \u00een 1897, Transilvania a fost asociat\u0103 \u00een spa\u021biul str\u0103in cu...<\/p><div class=\"dt-sc-hr-invisible-small\"><\/div><h6>Cazare<\/h6><div class=\"entry-place-meta\"><h4>Nu a fost g\u0103sit\u0103 nici o unitate de cazare.<\/h4><p>Alege hoteluri din spate-end pentru a ar\u0103ta \u00een aceast\u0103 sec\u0163iune.<\/h2><\/div><\/div><\/div><\/div><div class=\"dt-entry-place-item\"><div class=\"dt-sc-one-half column first\"><div class=\"entry-place-thumb\"><div class=\"thumb-inner\"><a href=\"https:\/\/www.lynxtravels.com\/ro\/dt_places\/delta-dunarii\/\" title=\"Delta Dunarii\"><img width=\"572\" height=\"391\" src=\"https:\/\/www.lynxtravels.com\/wp-content\/uploads\/2017\/09\/danube_delta_lnxad-572x391.jpg\" class=\"attachment-best-place size-best-place wp-post-image\" alt=\"\" loading=\"lazy\" title=\"Delta Dunarii\" srcset=\"https:\/\/www.lynxtravels.com\/wp-content\/uploads\/2017\/09\/danube_delta_lnxad-572x391.jpg 572w, https:\/\/www.lynxtravels.com\/wp-content\/uploads\/2017\/09\/danube_delta_lnxad-585x400.jpg 585w, https:\/\/www.lynxtravels.com\/wp-content\/uploads\/2017\/09\/danube_delta_lnxad-420x287.jpg 420w, https:\/\/www.lynxtravels.com\/wp-content\/uploads\/2017\/09\/danube_delta_lnxad-1070x732.jpg 1070w, https:\/\/www.lynxtravels.com\/wp-content\/uploads\/2017\/09\/danube_delta_lnxad-670x458.jpg 670w, https:\/\/www.lynxtravels.com\/wp-content\/uploads\/2017\/09\/danube_delta_lnxad-490x335.jpg 490w, https:\/\/www.lynxtravels.com\/wp-content\/uploads\/2017\/09\/danube_delta_lnxad-472x323.jpg 472w, https:\/\/www.lynxtravels.com\/wp-content\/uploads\/2017\/09\/danube_delta_lnxad-510x350.jpg 510w, https:\/\/www.lynxtravels.com\/wp-content\/uploads\/2017\/09\/danube_delta_lnxad-570x390.jpg 570w\" sizes=\"(max-width: 572px) 100vw, 572px\" \/><div class=\"image-overlay\"><span class=\"image-overlay-inside\"><\/span><\/div><\/a><\/div><a href=\"https:\/\/www.lynxtravels.com\/ro\/dt_places\/delta-dunarii\/\" class=\"dt-sc-button too-small\">Vezi Galerie<\/a><\/div><\/div><div class=\"dt-sc-one-half column\"><div class=\"entry-place-detail\"><div class=\"entry-place-title\"><div class=\"float-left\"><h5><a href=\"https:\/\/www.lynxtravels.com\/ro\/dt_places\/delta-dunarii\/\">Delta Dunarii<\/a><\/h5><p><\/p><\/div><div class=\"star-rating-wrapper float-right\"><div class=\"star-rating\"><span style=\"width:0%\"><\/span><\/div>(0Reting)<\/div><\/div><h6>Ce este mai bun?<\/h6><p>Delta Dun\u0103rii (3446 km\u00b2), aflat\u0103 \u00een mare parte \u00een Dobrogea, Rom\u00e2nia \u0219i par\u021bial \u00een Ucraina, este a doua ca...<\/p><div class=\"dt-sc-hr-invisible-small\"><\/div><h6>Cazare<\/h6><div class=\"entry-place-meta\"><h4>Nu a fost g\u0103sit\u0103 nici o unitate de cazare.<\/h4><p>Alege hoteluri din spate-end pentru a ar\u0103ta \u00een aceast\u0103 sec\u0163iune.<\/h2><\/div><\/div><\/div><\/div><\/div><div class=\"carousel-arrows\">\r\n\t\t\t\t\t\t\t<a class=\"prev-arrow\" href=\"#\"><span class=\"fa fa-angle-left\"> <\/span><\/a>\r\n\t\t\t\t\t\t\t<a class=\"next-arrow\" href=\"#\"><span class=\"fa fa-angle-right\"> <\/span><\/a>\r\n\t\t\t\t\t\t  <\/div>\r\n\t\t\t\t\t<\/div>\t<\/div><\/div><div class='dt-sc-hr-invisible-small  '><\/div>\n","protected":false},"excerpt":{"rendered":"Delta Dun\u0103rii a intrat \u00een patrimoniul mondial al UNESCO \u00een 1991, fiind clasificat\u0103 ca rezerva\u021bie a biosferei la nivel na\u021bional \u00een Rom\u00e2nia \u0219i ca parc na\u021bional \u00een taxonomia interna\u021bional\u0103 a IUCN. Aceasta se suprapune at\u00e2t siturilor de importan\u021b\u0103 comunitar\u0103 Delta Dun\u0103rii (sit SCI)[2] \u0219i Delta Dun\u0103rii (zona maritim\u0103)[3]; c\u00e2t \u0219i ariilor de protec\u021bie special\u0103 avifaunistic\u0103 [...]","protected":false},"author":1,"featured_media":0,"parent":0,"menu_order":0,"comment_status":"closed","ping_status":"closed","template":"","meta":[],"_links":{"self":[{"href":"https:\/\/www.lynxtravels.com\/ro\/wp-json\/wp\/v2\/pages\/270"}],"collection":[{"href":"https:\/\/www.lynxtravels.com\/ro\/wp-json\/wp\/v2\/pages"}],"about":[{"href":"https:\/\/www.lynxtravels.com\/ro\/wp-json\/wp\/v2\/types\/page"}],"author":[{"embeddable":true,"href":"https:\/\/www.lynxtravels.com\/ro\/wp-json\/wp\/v2\/users\/1"}],"replies":[{"embeddable":true,"href":"https:\/\/www.lynxtravels.com\/ro\/wp-json\/wp\/v2\/comments?post=270"}],"version-history":[{"count":15,"href":"https:\/\/www.lynxtravels.com\/ro\/wp-json\/wp\/v2\/pages\/270\/revisions"}],"predecessor-version":[{"id":742,"href":"https:\/\/www.lynxtravels.com\/ro\/wp-json\/wp\/v2\/pages\/270\/revisions\/742"}],"wp:attachment":[{"href":"https:\/\/www.lynxtravels.com\/ro\/wp-json\/wp\/v2\/media?parent=270"}],"curies":[{"name":"wp","href":"https:\/\/api.w.org\/{rel}","templated":true}]}}