{"id":751,"date":"2017-11-06T01:20:49","date_gmt":"2017-11-05T23:20:49","guid":{"rendered":"http:\/\/www.lynxtravels.com\/package\/kolozsvar-torda-tordai-hasadek-torocko-nagyenyed-gyulafehervar\/"},"modified":"2017-11-06T01:20:49","modified_gmt":"2017-11-05T23:20:49","slug":"kolozsvar-torda-tordai-hasadek-torocko-nagyenyed-gyulafehervar","status":"publish","type":"product","link":"https:\/\/www.lynxtravels.com\/hu\/package\/kolozsvar-torda-tordai-hasadek-torocko-nagyenyed-gyulafehervar\/","title":{"rendered":"Kolozsv\u00e1r, Torda, Tordai-hasad\u00e9k, Torock\u00f3, Nagyenyed, Gyulafeh\u00e9rv\u00e1r"},"content":{"rendered":"<p>Periodus: lek\u00e9r\u00e9sre, az \u00e9v b\u00e1rmely id\u0151szak\u00e1ban<\/p>\n<p>Id\u0151tartam:\u00a0 1 nap (kb.10 \u00f3ra)<\/p>\n<p>L\u00e1tv\u00e1nyoss\u00e1gok: Tordai s\u00f3b\u00e1nya, Tordai-hasad\u00e9k, Torock\u00f3, Torock\u00f3i N\u00e9prajzi Muzeum \u00e9s a R\u00e9gi Malom, Torock\u00f3szentgy\u00f6rgy V\u00e1ra, Nagyenyedi V\u00e1r, Gyulafeh\u00e9rv\u00e1ri V\u00e1r, Torda \u2013 Mih\u00e1ly Vit\u00e9z sirja.<\/p>\n<p>Idegenvezet\u0151: roman\/angol nyelven<\/p>\n<p>Sz\u00e1llit\u00e1s: auto \/ mikrobusz \/ aut\u00f3busz<\/p>\n<p>Kolozsv\u00e1rrol Torda fel\u00e9 indulunk, ahol megl\u00e1togatjuk a Tordai S\u00f3b\u00e1ny\u00e1t.<\/p>\n<p><strong>A Tordai S\u00f3b\u00e1nya, <\/strong>napjainkban egy igazi s\u00f3b\u00e1ny\u00e1szati m\u00fazeumnak sz\u00e1mithato. A b\u00e1ny\u00e1szati munk\u00e1latok \u00e9s szerkezetek kiv\u00e1l\u00f3 konzerv\u00e1l\u00e1sa, a kiv\u00e1l\u00f3 figyelem mellett amit a fel\u00fajjit\u00e1si munk\u00e1latok alatt bizonyitottak, megengedte hogy e csod\u00e1s helyen a t\u00f6rt\u00e9nelem \u00e9s legenda sikeresen egybeolvadjon. A vil\u00e1g minden t\u00e1j\u00e1rol \u00e9rkez\u0151 t\u00farist\u00e1k egyre n\u00f6vekv\u0151 sz\u00e1ma, e hely t\u00f6rt\u00e9nelmi, turisztikai \u00e9s ter\u00e1pi\u00e1s \u00e9rt\u00e9k\u00e9t bizonyitj\u00e1k.<\/p>\n<p>A Tordai hasad\u00e9k fel\u00e9 vessz\u00fck az ir\u00e1nyt, ahol r\u00f6vid sz\u00fcnetet tartunk, hogy megcsod\u00e1ljuk \u00e9s lef\u00e9nyk\u00e9pezz\u00fck.<\/p>\n<p><strong>A Tordai hasad\u00e9k <\/strong>\u2013 v\u00e9dett ter\u00fclet, egyedi t\u00e1jakkal, az egyik legkedveltebb l\u00e1tv\u00e1nyoss\u00e1g a Nyugati Szigethegys\u00e9gb\u0151l. A kb. 3,5 km hossz\u00fa szakad\u00e9kon az Aranyosba \u00f6ml\u0151 Hesd\u00e1t-patak folyik \u00e1t. Magas, meredek falak, tornyok, barlangok jellemzik.<\/p>\n<p>Meg\u00e1llunk Torock\u00f3n, egy jellegzetes magyar eb\u00e9dre. T\u00f6bb mint 1000 \u00e9ves t\u00f6rt\u00e9nelm\u00e9vel, egykori b\u00e1ny\u00e1szv\u00e1ros, a Sz\u00e9kelyk\u0151 (1129 m) h\u00e1rmas cs\u00facsa alatt, lak\u00f3i betelep\u00fclt sz\u00e9kelyek. A XII-ik sz\u00e1zadban n\u00e9meteket telepitettek be, vasb\u00e1ny\u00e1szatra. \u0150k \u00e9pitett\u00e9k a falu k\u00f6zpontj\u00e1ban tal\u00e1lhat\u00f3 jellegzetes h\u00e1zakat, melyek az europai kultur\u00e1lis \u00f6r\u00f6ks\u00e9g r\u00e9szei. A N\u00e9prajzi muzeumban a torockoi n\u00e9pviselet, jellegzetes k\u00e9zzel festett butor, n\u00e9pi k\u00e9zimunk\u00e1k, f\u00e9m es fafeldolgozo szersz\u00e1mok tal\u00e1lhatoak. K\u00f6telez\u0151, hab\u00e1r nem annyira ismert l\u00e1tv\u00e1nyoss\u00e1g a vizimalom.<\/p>\n<p><strong>A Torock\u00f3szentgy\u00f6rgyi V\u00e1r vagy Torock\u00f3v\u00e1r<\/strong>, a falu hat\u00e1r\u00e1ban, csak 2 km-re tal\u00e1lhato. Hab\u00e1r a v\u00e1rfalbol \u00e9s a k\u00e9t toronybol csak r\u00e9szek maradtak meg, nagyon impoz\u00e1ns l\u00e1tv\u00e1nyt ny\u00fajt a sziklafalak meredeks\u00e9ge, komors\u00e1ga miatt. A v\u00e1r fok\u00e1rol a falura \u00e9s a Torockoi hegys\u00e9gre gy\u00f6ny\u00f6r\u00fc kil\u00e1t\u00e1s nyilik.<\/p>\n<p><strong>A Nagyenyedi K\u00f6z\u00e9pkori v\u00e1r<\/strong> t\u00f6bb mint h\u00e1romezer n\u00e9gyzetm\u00e9teren fekszik, az egyik legfontosabb l\u00e1tv\u00e1nyossag a k\u00f6rny\u00e9kr\u00f6l. A v\u00e1ros k\u00f6zpontj\u00e1ban fekv\u00f6 k\u00f6z\u00e9pkori v\u00e1r k\u00e9t f\u00e1zisban volt \u00e9pitve, egy r\u00e9gi r\u00f3mai telep\u00fcl\u00e9s hely\u00e9re. Az els\u0151 f\u00e1zis alatt a XIV-ik sz\u00e1zadban a helyi sz\u00e1szok egy er\u0151dtemplomot \u00e9pitettek. A m\u00e1sodik f\u00e1zis alatt, a XVII-ik sz\u00e1zad k\u00f6rny\u00e9k\u00e9n a telep\u00fcl\u00e9s v\u00e1r alakot kapott. A t\u00f6bb mint 600 \u00e9ves eml\u00e9km\u00fc Erd\u00e9ly egyik legjobb \u00e1llapotban lev\u0151 v\u00e1rosi er\u0151dje.<\/p>\n<p><strong>Az Alba Carolina v\u00e1r<\/strong> Gyulafeh\u00e9rv\u00e1r szimb\u00f3luma \u00e9s b\u00fcszkes\u00e9ge. A XVIII-ik sz\u00e1zad elej\u00e9n az osztr\u00e1kok \u00e1ltal \u00e9pitett v\u00e1r egy olasz tervez\u0151, Giovanni Morando Visconti, rajzai alapj\u00e1n k\u00e9sz\u00fclt, a Habsburg birodalom erej\u00e9t jelk\u00e9pzend\u00f6. Eredetileg egy katonai k\u00f6zpont \u00e9s fegyver rakt\u00e1r volt. A v\u00e1r v\u00e9delmi szerepet j\u00e1tszott a t\u00f6r\u00f6k\u00f6kkel szemben, napjainkban fontos t\u00f6rt\u00e9nelmi pont. H\u00e9t b\u00e1sty\u00e1ja van \u00e9s egyedi csillag form\u00e1ja. Az Alba Carolina v\u00e1r Europa egyik legl\u00e1tv\u00e1nyosabb er\u0151ditm\u00e9nye.<\/p>\n<p><strong>Mih\u00e1ly Vit\u00e9z sirhelye Tord\u00e1n, <\/strong>itt helyezt\u00e9k \u00f6r\u00f6k nyugalomra az uralkodot. Az eml\u00e9km\u00fcvet 1977-ben \u00e9pitett\u00e9k, 1601 cm magas \u00e9s Marius Butunoiu szobr\u00e1sz alkotta. A piramis forma a 3 fejedelms\u00e9get jelk\u00e9pezi, melyeket az uralkodo 1601-ben egyesitett.<\/p>\n<p><strong>\u00a0<\/strong><\/p>\n<table width=\"373\">\n<tbody>\n<tr>\n<td width=\"181\"><strong>Szem\u00e9ly sz\u00e1m<\/strong><\/td>\n<td width=\"192\"><strong>\u00c1r \/ szem\u00e9ly<\/strong><\/td>\n<\/tr>\n<tr>\n<td width=\"181\"><strong>2<\/strong><\/td>\n<td width=\"192\"><strong>85 EUR<\/strong><\/td>\n<\/tr>\n<tr>\n<td width=\"181\"><strong>3<\/strong><\/td>\n<td width=\"192\"><strong>57 EUR<\/strong><\/td>\n<\/tr>\n<tr>\n<td width=\"181\"><strong>4<\/strong><\/td>\n<td width=\"192\"><strong>50 EUR<\/strong><\/td>\n<\/tr>\n<tr>\n<td width=\"181\"><strong>5<\/strong><\/td>\n<td width=\"192\"><strong>43 EUR<\/strong><\/td>\n<\/tr>\n<tr>\n<td width=\"181\"><strong>6<\/strong><\/td>\n<td width=\"192\"><strong>37 EUR<\/strong><\/td>\n<\/tr>\n<tr>\n<td width=\"181\"><strong>7<\/strong><\/td>\n<td width=\"192\"><strong>30 EUR<\/strong><\/td>\n<\/tr>\n<tr>\n<td width=\"181\"><strong>8<\/strong><\/td>\n<td width=\"192\"><strong>30 EUR<\/strong><\/td>\n<\/tr>\n<tr>\n<td width=\"181\"><strong>9<\/strong><\/td>\n<td width=\"192\"><strong>28 EUR<\/strong><\/td>\n<\/tr>\n<tr>\n<td width=\"181\"><strong>19<\/strong><\/td>\n<td width=\"192\"><strong>15 EUR<\/strong><\/td>\n<\/tr>\n<\/tbody>\n<\/table>\n<p><strong>19 szem\u00e9ly feletti csoportok sz\u00e1m\u00e1ra az aj\u00e1nlatok testre szabottak. <\/strong><\/p>\n<p><strong>Az \u00e1r tartalmazza:<\/strong> autoval\/mikrobusszal\/autobusszal valo \u00e1tv\u00e9tel a sz\u00e1llod\u00e1tol, rom\u00e1n\/magyar\/angol\/francia nyelv\u00fc idegenvezet\u0151.<\/p>\n<p><strong>Az \u00e1r nem tartalmazza: <\/strong>bel\u00e9p\u0151k, jellegzetes magyar eb\u00e9d Torockon.<\/p>\n","protected":false},"excerpt":{"rendered":"<p>Periodus: lek\u00e9r\u00e9sre, az \u00e9v b\u00e1rmely id\u0151szak\u00e1ban Id\u0151tartam:\u00a0 1 nap (kb.10 \u00f3ra) L\u00e1tv\u00e1nyoss\u00e1gok: Tordai s\u00f3b\u00e1nya, Tordai-hasad\u00e9k, Torock\u00f3, Torock\u00f3i N\u00e9prajzi Muzeum \u00e9s a R\u00e9gi Malom, Torock\u00f3szentgy\u00f6rgy V\u00e1ra, Nagyenyedi V\u00e1r, Gyulafeh\u00e9rv\u00e1ri V\u00e1r, Torda \u2013 Mih\u00e1ly Vit\u00e9z sirja. Idegenvezet\u0151: roman\/angol nyelven Sz\u00e1llit\u00e1s: auto \/ mikrobusz \/ aut\u00f3busz Kolozsv\u00e1rrol Torda fel\u00e9 indulunk, ahol megl\u00e1togatjuk a Tordai S\u00f3b\u00e1ny\u00e1t. A Tordai S\u00f3b\u00e1nya, [&hellip;]<\/p>\n","protected":false},"featured_media":747,"comment_status":"closed","ping_status":"closed","template":"","meta":[],"_links":{"self":[{"href":"https:\/\/www.lynxtravels.com\/hu\/wp-json\/wp\/v2\/product\/751"}],"collection":[{"href":"https:\/\/www.lynxtravels.com\/hu\/wp-json\/wp\/v2\/product"}],"about":[{"href":"https:\/\/www.lynxtravels.com\/hu\/wp-json\/wp\/v2\/types\/product"}],"replies":[{"embeddable":true,"href":"https:\/\/www.lynxtravels.com\/hu\/wp-json\/wp\/v2\/comments?post=751"}],"wp:featuredmedia":[{"embeddable":true,"href":"https:\/\/www.lynxtravels.com\/hu\/wp-json\/wp\/v2\/media\/747"}],"wp:attachment":[{"href":"https:\/\/www.lynxtravels.com\/hu\/wp-json\/wp\/v2\/media?parent=751"}],"curies":[{"name":"wp","href":"https:\/\/api.w.org\/{rel}","templated":true}]}}