{"id":93,"date":"2017-09-16T16:43:01","date_gmt":"2017-09-16T16:43:01","guid":{"rendered":"http:\/\/lynxtravels.com\/home\/"},"modified":"2017-11-06T00:44:27","modified_gmt":"2017-11-05T22:44:27","slug":"accueil","status":"publish","type":"page","link":"https:\/\/www.lynxtravels.com\/fr\/","title":{"rendered":"Accueil"},"content":{"rendered":"<div class='dt-sc-hr-invisible-small  '><\/div><div class='fullwidth-section grey-bg ' >\t<div class=\"container\"><div class=\"welcome-txt aligncenter\"><\/p>\n<h2>Bienvenue \u00e0 Lynx Travel<\/h2>\n<p>Choisissez Lynx Travels lorsque vous cherchez votre prochaine aventure touristique. Faites confiance aux \u00abexperts locaux\u00bb pour vous faire vivre toute une vie de souvenirs de votre visite en Roumanie. Alors que la Roumanie est connue pour sa c\u00e9l\u00e8bre nature sauvage et intacte, elle est \u00e9galement c\u00e9l\u00e8bre pour sa bonne cuisine locale, ses paysages magnifiques, sa faune abondante et ses superbes exp\u00e9riences! Visites guid\u00e9es ou activit\u00e9s d&rsquo;aventure? Rep\u00e8res embl\u00e9matiques ou joyaux cach\u00e9s? Nous vous avons couvert!<\/p>\n<div class='dt-sc-hr-invisible  '><\/div>\n<p><\/div>\t<\/div><\/div><div class='fullwidth-section  ' >\t<div class=\"container\"><div class='dt-sc-hr-invisible-medium  '><\/div><h2 class='section-title '>Meilleurs forfaits vacances<\/h2>\t<\/div><\/div><div class='dt-sc-hr-invisible  '><\/div><div class='dt-sc-hr-invisible  '><\/div><div class='dt-sc-hr-invisible-small  '><\/div><div class='fullwidth-section video dt-sc-parallax-section'  style=\"color:#ffffff;background-image:url(http:\/\/lynxtravels.com\/wp-content\/uploads\/2017\/09\/romaniatours.jpg);padding-top:50px;padding-bottom:40px;background-attachment:fixed; \">\t<div class=\"container\"><div  class='column dt-sc-one-half  space first'  ><h4>Trouvez votre aventure<\/h4>\n<h2>Take Me to Romania<\/h2><\/div><div  class='column dt-sc-one-half  space '  ><p><iframe loading=\"lazy\" src=\"\/\/player.vimeo.com\/video\/113741821\" data-mce-fragment=\"1\" width=\"574\" height=\"327\"><\/iframe><\/p><\/div>\t<\/div><\/div><div class='dt-sc-hr-invisible  '><\/div><div class='dt-sc-hr-invisible-small  '><\/div><div class='fullwidth-section  ' >\t<div class=\"container\"><h2 class='section-title alignleft'>Meilleurs endroits<\/h2><div class=\"carousel_items\"><div class=\"dt-best-entry-place-wrapper dt_carousel\" data-items=\"1\"><div class=\"dt-entry-place-item\"><div class=\"dt-sc-one-half column first\"><div class=\"entry-place-thumb\"><div class=\"thumb-inner\"><a href=\"https:\/\/www.lynxtravels.com\/fr\/dt_places\/transylvanie\/\" title=\"Transylvanie\"><img width=\"572\" height=\"391\" src=\"https:\/\/www.lynxtravels.com\/wp-content\/uploads\/2017\/09\/castle-2614030_1920-572x391.jpg\" class=\"attachment-best-place size-best-place wp-post-image\" alt=\"\" loading=\"lazy\" title=\"Transylvanie\" srcset=\"https:\/\/www.lynxtravels.com\/wp-content\/uploads\/2017\/09\/castle-2614030_1920-572x391.jpg 572w, https:\/\/www.lynxtravels.com\/wp-content\/uploads\/2017\/09\/castle-2614030_1920-585x400.jpg 585w, https:\/\/www.lynxtravels.com\/wp-content\/uploads\/2017\/09\/castle-2614030_1920-420x287.jpg 420w, https:\/\/www.lynxtravels.com\/wp-content\/uploads\/2017\/09\/castle-2614030_1920-1070x732.jpg 1070w, https:\/\/www.lynxtravels.com\/wp-content\/uploads\/2017\/09\/castle-2614030_1920-670x458.jpg 670w, https:\/\/www.lynxtravels.com\/wp-content\/uploads\/2017\/09\/castle-2614030_1920-490x335.jpg 490w, https:\/\/www.lynxtravels.com\/wp-content\/uploads\/2017\/09\/castle-2614030_1920-472x323.jpg 472w, https:\/\/www.lynxtravels.com\/wp-content\/uploads\/2017\/09\/castle-2614030_1920-510x350.jpg 510w, https:\/\/www.lynxtravels.com\/wp-content\/uploads\/2017\/09\/castle-2614030_1920-570x390.jpg 570w\" sizes=\"(max-width: 572px) 100vw, 572px\" \/><div class=\"image-overlay\"><span class=\"image-overlay-inside\"><\/span><\/div><\/a><\/div><a href=\"https:\/\/www.lynxtravels.com\/fr\/dt_places\/transylvanie\/\" class=\"dt-sc-button too-small\">Voir la galerie<\/a><\/div><\/div><div class=\"dt-sc-one-half column\"><div class=\"entry-place-detail\"><div class=\"entry-place-title\"><div class=\"float-left\"><h5><a href=\"https:\/\/www.lynxtravels.com\/fr\/dt_places\/transylvanie\/\">Transylvanie<\/a><\/h5><p><\/p><\/div><div class=\"star-rating-wrapper float-right\"><div class=\"star-rating\"><span style=\"width:0%\"><\/span><\/div>(0 Notations)<\/div><\/div><h6>Pourquoi est-il meilleur?<\/h6><p>The region of Transylvania is known for the scenery of its Carpathian landscape<\/p><div class=\"dt-sc-hr-invisible-small\"><\/div><h6>H\u00f4tels \u00e0 s\u00e9jour<\/h6><div class=\"entry-place-meta\"><h4>Aucun H\u00f4tel Trouv\u00e9<\/h4><p>Choisir les h\u00f4tels de dorsal pour montrer dans cette section.<\/h2><\/div><\/div><\/div><\/div><div class=\"dt-entry-place-item\"><div class=\"dt-sc-one-half column first\"><div class=\"entry-place-thumb\"><div class=\"thumb-inner\"><a href=\"https:\/\/www.lynxtravels.com\/fr\/dt_places\/delta-du-danube\/\" title=\"Delta du Danube\"><img width=\"572\" height=\"391\" src=\"https:\/\/www.lynxtravels.com\/wp-content\/uploads\/2017\/09\/danube_delta_lnxad-572x391.jpg\" class=\"attachment-best-place size-best-place wp-post-image\" alt=\"\" loading=\"lazy\" title=\"Delta du Danube\" srcset=\"https:\/\/www.lynxtravels.com\/wp-content\/uploads\/2017\/09\/danube_delta_lnxad-572x391.jpg 572w, https:\/\/www.lynxtravels.com\/wp-content\/uploads\/2017\/09\/danube_delta_lnxad-585x400.jpg 585w, https:\/\/www.lynxtravels.com\/wp-content\/uploads\/2017\/09\/danube_delta_lnxad-420x287.jpg 420w, https:\/\/www.lynxtravels.com\/wp-content\/uploads\/2017\/09\/danube_delta_lnxad-1070x732.jpg 1070w, https:\/\/www.lynxtravels.com\/wp-content\/uploads\/2017\/09\/danube_delta_lnxad-670x458.jpg 670w, https:\/\/www.lynxtravels.com\/wp-content\/uploads\/2017\/09\/danube_delta_lnxad-490x335.jpg 490w, https:\/\/www.lynxtravels.com\/wp-content\/uploads\/2017\/09\/danube_delta_lnxad-472x323.jpg 472w, https:\/\/www.lynxtravels.com\/wp-content\/uploads\/2017\/09\/danube_delta_lnxad-510x350.jpg 510w, https:\/\/www.lynxtravels.com\/wp-content\/uploads\/2017\/09\/danube_delta_lnxad-570x390.jpg 570w\" sizes=\"(max-width: 572px) 100vw, 572px\" \/><div class=\"image-overlay\"><span class=\"image-overlay-inside\"><\/span><\/div><\/a><\/div><a href=\"https:\/\/www.lynxtravels.com\/fr\/dt_places\/delta-du-danube\/\" class=\"dt-sc-button too-small\">Voir la galerie<\/a><\/div><\/div><div class=\"dt-sc-one-half column\"><div class=\"entry-place-detail\"><div class=\"entry-place-title\"><div class=\"float-left\"><h5><a href=\"https:\/\/www.lynxtravels.com\/fr\/dt_places\/delta-du-danube\/\">Delta du Danube<\/a><\/h5><p><\/p><\/div><div class=\"star-rating-wrapper float-right\"><div class=\"star-rating\"><span style=\"width:0%\"><\/span><\/div>(0 Notations)<\/div><\/div><h6>Pourquoi est-il meilleur?<\/h6><p>Le delta du Danube (en roumain : Delta Dun\u0103rii ; en ukrainien : \u0414\u0435\u043b\u044c\u0442\u0430 \u0414\u0443\u043d\u0430\u044e, Del'ta Dunaju, et dans...<\/p><div class=\"dt-sc-hr-invisible-small\"><\/div><h6>H\u00f4tels \u00e0 s\u00e9jour<\/h6><div class=\"entry-place-meta\"><h4>Aucun H\u00f4tel Trouv\u00e9<\/h4><p>Choisir les h\u00f4tels de dorsal pour montrer dans cette section.<\/h2><\/div><\/div><\/div><\/div><\/div><div class=\"carousel-arrows\">\r\n\t\t\t\t\t\t\t<a class=\"prev-arrow\" href=\"#\"><span class=\"fa fa-angle-left\"> <\/span><\/a>\r\n\t\t\t\t\t\t\t<a class=\"next-arrow\" href=\"#\"><span class=\"fa fa-angle-right\"> <\/span><\/a>\r\n\t\t\t\t\t\t  <\/div>\r\n\t\t\t\t\t<\/div>\t<\/div><\/div><div class='dt-sc-hr-invisible-small  '><\/div>\n","protected":false},"excerpt":{"rendered":"Il comprend une quinzaine de d\u00e9fluents dont les trois principaux, les bras de Chilia, de Sulina et de Saint-Georges, sont accessibles aux b\u00e2timents maritimes de gros tonnage.Il est situ\u00e9 pour les quatre cinqui\u00e8mes dans le Nord de la r\u00e9gion historique roumaine de Dobrog\u00e9e, plus pr\u00e9cis\u00e9ment dans le jude\u021b de Tulcea, et pour un cinqui\u00e8me dans [...]","protected":false},"author":1,"featured_media":0,"parent":0,"menu_order":0,"comment_status":"closed","ping_status":"closed","template":"","meta":[],"_links":{"self":[{"href":"https:\/\/www.lynxtravels.com\/fr\/wp-json\/wp\/v2\/pages\/93"}],"collection":[{"href":"https:\/\/www.lynxtravels.com\/fr\/wp-json\/wp\/v2\/pages"}],"about":[{"href":"https:\/\/www.lynxtravels.com\/fr\/wp-json\/wp\/v2\/types\/page"}],"author":[{"embeddable":true,"href":"https:\/\/www.lynxtravels.com\/fr\/wp-json\/wp\/v2\/users\/1"}],"replies":[{"embeddable":true,"href":"https:\/\/www.lynxtravels.com\/fr\/wp-json\/wp\/v2\/comments?post=93"}],"version-history":[{"count":6,"href":"https:\/\/www.lynxtravels.com\/fr\/wp-json\/wp\/v2\/pages\/93\/revisions"}],"predecessor-version":[{"id":740,"href":"https:\/\/www.lynxtravels.com\/fr\/wp-json\/wp\/v2\/pages\/93\/revisions\/740"}],"wp:attachment":[{"href":"https:\/\/www.lynxtravels.com\/fr\/wp-json\/wp\/v2\/media?parent=93"}],"curies":[{"name":"wp","href":"https:\/\/api.w.org\/{rel}","templated":true}]}}