{"id":94,"date":"2017-09-16T16:43:01","date_gmt":"2017-09-16T16:43:01","guid":{"rendered":"http:\/\/lynxtravels.com\/home\/"},"modified":"2017-11-06T00:48:25","modified_gmt":"2017-11-05T22:48:25","slug":"startseite","status":"publish","type":"page","link":"https:\/\/www.lynxtravels.com\/de\/","title":{"rendered":"Startseite"},"content":{"rendered":"<div class='dt-sc-hr-invisible-small  '><\/div><div class='fullwidth-section grey-bg ' >\t<div class=\"container\"><div class=\"welcome-txt aligncenter\"><\/p>\n<h2>Willkommen bei Lynx Travels<\/h2>\n<p>Entscheiden Sie sich f\u00fcr Lynx Travels, wenn Sie nach Ihrem n\u00e4chsten Sightseeing-Abenteuer suchen. Verlassen Sie sich auf die &#8222;lokalen Experten&#8220;, um Ihnen ein Leben lang Erinnerungen an Ihren Besuch in Rum\u00e4nien zu vermitteln. W\u00e4hrend Rum\u00e4nien f\u00fcr seine ber\u00fchmte wilde und unber\u00fchrte Natur bekannt ist, ist es auch f\u00fcr gro\u00dfartige lokale Nahrung, sch\u00f6ne Landschaften, reiche Tierwelt und gro\u00dfartige Erfahrungen ber\u00fchmt! Gef\u00fchrte Touren oder Abenteueraktivit\u00e4ten? Ikonische Wahrzeichen oder versteckte Edelsteine? Wir geben dir Deckung !<\/p>\n<div class='dt-sc-hr-invisible  '><\/div>\n<p><\/div>\t<\/div><\/div><div class='fullwidth-section  ' >\t<div class=\"container\"><div class='dt-sc-hr-invisible-medium  '><\/div><h2 class='section-title '>Beste Pauschalreisen<\/h2>\t<\/div><\/div><div class='dt-sc-hr-invisible  '><\/div><div class='dt-sc-hr-invisible  '><\/div><div class='dt-sc-hr-invisible-small  '><\/div><div class='fullwidth-section video dt-sc-parallax-section'  style=\"color:#ffffff;background-image:url(http:\/\/lynxtravels.com\/wp-content\/uploads\/2017\/09\/romaniatours.jpg);padding-top:50px;padding-bottom:40px;background-attachment:fixed; \">\t<div class=\"container\"><div  class='column dt-sc-one-half  space first'  ><h4>Finde dein bestes Abenteuer<\/h4>\n<h2>Take Me to Romania<\/h2><\/div><div  class='column dt-sc-one-half  space '  ><p><iframe loading=\"lazy\" src=\"\/\/player.vimeo.com\/video\/113741821\" data-mce-fragment=\"1\" width=\"574\" height=\"327\"><\/iframe><\/p><\/div>\t<\/div><\/div><div class='dt-sc-hr-invisible  '><\/div><div class='dt-sc-hr-invisible-small  '><\/div><div class='fullwidth-section  ' >\t<div class=\"container\"><h2 class='section-title alignleft'>Beste Standorte<\/h2><div class=\"carousel_items\"><div class=\"dt-best-entry-place-wrapper dt_carousel\" data-items=\"1\"><div class=\"dt-entry-place-item\"><div class=\"dt-sc-one-half column first\"><div class=\"entry-place-thumb\"><div class=\"thumb-inner\"><a href=\"https:\/\/www.lynxtravels.com\/de\/dt_places\/transsylvanien\/\" title=\"Transsylvanien\"><img width=\"572\" height=\"391\" src=\"https:\/\/www.lynxtravels.com\/wp-content\/uploads\/2017\/09\/castle-2614030_1920-572x391.jpg\" class=\"attachment-best-place size-best-place wp-post-image\" alt=\"\" loading=\"lazy\" title=\"Transsylvanien\" srcset=\"https:\/\/www.lynxtravels.com\/wp-content\/uploads\/2017\/09\/castle-2614030_1920-572x391.jpg 572w, https:\/\/www.lynxtravels.com\/wp-content\/uploads\/2017\/09\/castle-2614030_1920-585x400.jpg 585w, https:\/\/www.lynxtravels.com\/wp-content\/uploads\/2017\/09\/castle-2614030_1920-420x287.jpg 420w, https:\/\/www.lynxtravels.com\/wp-content\/uploads\/2017\/09\/castle-2614030_1920-1070x732.jpg 1070w, https:\/\/www.lynxtravels.com\/wp-content\/uploads\/2017\/09\/castle-2614030_1920-670x458.jpg 670w, https:\/\/www.lynxtravels.com\/wp-content\/uploads\/2017\/09\/castle-2614030_1920-490x335.jpg 490w, https:\/\/www.lynxtravels.com\/wp-content\/uploads\/2017\/09\/castle-2614030_1920-472x323.jpg 472w, https:\/\/www.lynxtravels.com\/wp-content\/uploads\/2017\/09\/castle-2614030_1920-510x350.jpg 510w, https:\/\/www.lynxtravels.com\/wp-content\/uploads\/2017\/09\/castle-2614030_1920-570x390.jpg 570w\" sizes=\"(max-width: 572px) 100vw, 572px\" \/><div class=\"image-overlay\"><span class=\"image-overlay-inside\"><\/span><\/div><\/a><\/div><a href=\"https:\/\/www.lynxtravels.com\/de\/dt_places\/transsylvanien\/\" class=\"dt-sc-button too-small\">Gallerie betrachten<\/a><\/div><\/div><div class=\"dt-sc-one-half column\"><div class=\"entry-place-detail\"><div class=\"entry-place-title\"><div class=\"float-left\"><h5><a href=\"https:\/\/www.lynxtravels.com\/de\/dt_places\/transsylvanien\/\">Transsylvanien<\/a><\/h5><p><\/p><\/div><div class=\"star-rating-wrapper float-right\"><div class=\"star-rating\"><span style=\"width:0%\"><\/span><\/div>(0Bewertungen)<\/div><\/div><h6>\u00dcber den Ort:<\/h6><p>The region of Transylvania is known for the scenery of its Carpathian landscape<\/p><div class=\"dt-sc-hr-invisible-small\"><\/div><h6>\u00dcbernachtungsm\u00f6glichkeiten<\/h6><div class=\"entry-place-meta\"><h4>Keine Hotels gefunden<\/h4><p>W\u00e4hlen Sie Hotels von Back-End, um in diesem Abschnitt zu zeigen.<\/h2><\/div><\/div><\/div><\/div><div class=\"dt-entry-place-item\"><div class=\"dt-sc-one-half column first\"><div class=\"entry-place-thumb\"><div class=\"thumb-inner\"><a href=\"https:\/\/www.lynxtravels.com\/de\/dt_places\/donaudelta\/\" title=\"Donaudelta\"><img width=\"572\" height=\"391\" src=\"https:\/\/www.lynxtravels.com\/wp-content\/uploads\/2017\/09\/danube_delta_lnxad-572x391.jpg\" class=\"attachment-best-place size-best-place wp-post-image\" alt=\"\" loading=\"lazy\" title=\"Donaudelta\" srcset=\"https:\/\/www.lynxtravels.com\/wp-content\/uploads\/2017\/09\/danube_delta_lnxad-572x391.jpg 572w, https:\/\/www.lynxtravels.com\/wp-content\/uploads\/2017\/09\/danube_delta_lnxad-585x400.jpg 585w, https:\/\/www.lynxtravels.com\/wp-content\/uploads\/2017\/09\/danube_delta_lnxad-420x287.jpg 420w, https:\/\/www.lynxtravels.com\/wp-content\/uploads\/2017\/09\/danube_delta_lnxad-1070x732.jpg 1070w, https:\/\/www.lynxtravels.com\/wp-content\/uploads\/2017\/09\/danube_delta_lnxad-670x458.jpg 670w, https:\/\/www.lynxtravels.com\/wp-content\/uploads\/2017\/09\/danube_delta_lnxad-490x335.jpg 490w, https:\/\/www.lynxtravels.com\/wp-content\/uploads\/2017\/09\/danube_delta_lnxad-472x323.jpg 472w, https:\/\/www.lynxtravels.com\/wp-content\/uploads\/2017\/09\/danube_delta_lnxad-510x350.jpg 510w, https:\/\/www.lynxtravels.com\/wp-content\/uploads\/2017\/09\/danube_delta_lnxad-570x390.jpg 570w\" sizes=\"(max-width: 572px) 100vw, 572px\" \/><div class=\"image-overlay\"><span class=\"image-overlay-inside\"><\/span><\/div><\/a><\/div><a href=\"https:\/\/www.lynxtravels.com\/de\/dt_places\/donaudelta\/\" class=\"dt-sc-button too-small\">Gallerie betrachten<\/a><\/div><\/div><div class=\"dt-sc-one-half column\"><div class=\"entry-place-detail\"><div class=\"entry-place-title\"><div class=\"float-left\"><h5><a href=\"https:\/\/www.lynxtravels.com\/de\/dt_places\/donaudelta\/\">Donaudelta<\/a><\/h5><p><\/p><\/div><div class=\"star-rating-wrapper float-right\"><div class=\"star-rating\"><span style=\"width:0%\"><\/span><\/div>(0Bewertungen)<\/div><\/div><h6>\u00dcber den Ort:<\/h6><p>Der n\u00f6rdliche Teil des Reservats \u2013 das eigentliche Delta \u2013 wird von den drei aus westlicher Richtung einlaufenden M\u00fcndungsarmen...<\/p><div class=\"dt-sc-hr-invisible-small\"><\/div><h6>\u00dcbernachtungsm\u00f6glichkeiten<\/h6><div class=\"entry-place-meta\"><h4>Keine Hotels gefunden<\/h4><p>W\u00e4hlen Sie Hotels von Back-End, um in diesem Abschnitt zu zeigen.<\/h2><\/div><\/div><\/div><\/div><\/div><div class=\"carousel-arrows\">\r\n\t\t\t\t\t\t\t<a class=\"prev-arrow\" href=\"#\"><span class=\"fa fa-angle-left\"> <\/span><\/a>\r\n\t\t\t\t\t\t\t<a class=\"next-arrow\" href=\"#\"><span class=\"fa fa-angle-right\"> <\/span><\/a>\r\n\t\t\t\t\t\t  <\/div>\r\n\t\t\t\t\t<\/div>\t<\/div><\/div><div class='dt-sc-hr-invisible-small  '><\/div>\n","protected":false},"excerpt":{"rendered":"Der n\u00f6rdliche Teil des Reservats \u2013 das eigentliche Delta[2] \u2013 wird von den drei aus westlicher Richtung einlaufenden M\u00fcndungsarmen der Donau durchflossen: dem Chiliaarm als rum\u00e4nisch-ukrainische Staatsgrenze im Norden, dem Sulinaarm in der Mitte und dem Sf\u00e2ntu-Gheorghe-Arm im S\u00fcden. Unmittelbar s\u00fcdlich schlie\u00dft sich der von Kan\u00e4len gespeiste Razim-Sinoie-Lagunenkomplex an. Die Gegend ist bereits seit der [...]","protected":false},"author":1,"featured_media":0,"parent":0,"menu_order":0,"comment_status":"closed","ping_status":"closed","template":"","meta":[],"_links":{"self":[{"href":"https:\/\/www.lynxtravels.com\/de\/wp-json\/wp\/v2\/pages\/94"}],"collection":[{"href":"https:\/\/www.lynxtravels.com\/de\/wp-json\/wp\/v2\/pages"}],"about":[{"href":"https:\/\/www.lynxtravels.com\/de\/wp-json\/wp\/v2\/types\/page"}],"author":[{"embeddable":true,"href":"https:\/\/www.lynxtravels.com\/de\/wp-json\/wp\/v2\/users\/1"}],"replies":[{"embeddable":true,"href":"https:\/\/www.lynxtravels.com\/de\/wp-json\/wp\/v2\/comments?post=94"}],"version-history":[{"count":6,"href":"https:\/\/www.lynxtravels.com\/de\/wp-json\/wp\/v2\/pages\/94\/revisions"}],"predecessor-version":[{"id":741,"href":"https:\/\/www.lynxtravels.com\/de\/wp-json\/wp\/v2\/pages\/94\/revisions\/741"}],"wp:attachment":[{"href":"https:\/\/www.lynxtravels.com\/de\/wp-json\/wp\/v2\/media?parent=94"}],"curies":[{"name":"wp","href":"https:\/\/api.w.org\/{rel}","templated":true}]}}